{"id":58,"date":"2018-03-07T16:24:57","date_gmt":"2018-03-07T16:24:57","guid":{"rendered":"https:\/\/pc-spec.co.uk\/?page_id=58"},"modified":"2018-11-26T14:48:46","modified_gmt":"2018-11-26T14:48:46","slug":"cctv","status":"publish","type":"page","link":"https:\/\/pc-spec.co.uk\/pl\/cctv","title":{"rendered":"CCTV"},"content":{"rendered":"<div data-elementor-type=\"wp-post\" data-elementor-id=\"58\" class=\"elementor elementor-58 elementor-bc-flex-widget\">\n\t\t\t\t\t\t<div class=\"elementor-inner\">\n\t\t\t\t<div class=\"elementor-section-wrap\">\n\t\t\t\t\t\t\t\t\t<section class=\"elementor-section elementor-top-section elementor-element elementor-element-c4742e5 elementor-section-full_width elementor-section-height-default elementor-section-height-default\" data-id=\"c4742e5\" data-element_type=\"section\">\n\t\t\t\t\t\t<div class=\"elementor-container elementor-column-gap-default\">\n\t\t\t\t\t\t\t<div class=\"elementor-row\">\n\t\t\t\t\t<div class=\"elementor-column elementor-col-100 elementor-top-column elementor-element elementor-element-95d0e19\" data-id=\"95d0e19\" data-element_type=\"column\">\n\t\t\t<div class=\"elementor-column-wrap elementor-element-populated\">\n\t\t\t\t\t\t\t<div class=\"elementor-widget-wrap\">\n\t\t\t\t\t\t<div class=\"elementor-element elementor-element-776d52e elementor-widget elementor-widget-image\" data-id=\"776d52e\" data-element_type=\"widget\" data-widget_type=\"image.default\">\n\t\t\t\t<div class=\"elementor-widget-container\">\n\t\t\t\t\t\t\t\t<div class=\"elementor-image\">\n\t\t\t\t\t\t\t\t\t\t\t\t<img decoding=\"async\" width=\"1024\" height=\"439\" src=\"https:\/\/pc-spec.co.uk\/wp-content\/uploads\/2018\/10\/CCTV-spec-hikvision-png2-1024x439.png\" class=\"attachment-large size-large wp-image-335\" alt=\"\" loading=\"lazy\" srcset=\"https:\/\/pc-spec.co.uk\/wp-content\/uploads\/2018\/10\/CCTV-spec-hikvision-png2-1024x439.png 1024w, https:\/\/pc-spec.co.uk\/wp-content\/uploads\/2018\/10\/CCTV-spec-hikvision-png2-300x129.png 300w, https:\/\/pc-spec.co.uk\/wp-content\/uploads\/2018\/10\/CCTV-spec-hikvision-png2-768x329.png 768w\" sizes=\"(max-width: 1024px) 100vw, 1024px\" \/>\t\t\t\t\t\t\t\t\t\t\t\t\t\t<\/div>\n\t\t\t\t\t\t<\/div>\n\t\t\t\t<\/div>\n\t\t\t\t\t\t<\/div>\n\t\t\t\t\t<\/div>\n\t\t<\/div>\n\t\t\t\t\t\t\t\t<\/div>\n\t\t\t\t\t<\/div>\n\t\t<\/section>\n\t\t\t\t<section class=\"elementor-section elementor-top-section elementor-element elementor-element-ce0ce7b elementor-section-boxed elementor-section-height-default elementor-section-height-default\" data-id=\"ce0ce7b\" data-element_type=\"section\">\n\t\t\t\t\t\t<div class=\"elementor-container elementor-column-gap-default\">\n\t\t\t\t\t\t\t<div class=\"elementor-row\">\n\t\t\t\t\t<div class=\"elementor-column elementor-col-100 elementor-top-column elementor-element elementor-element-e158191\" data-id=\"e158191\" data-element_type=\"column\">\n\t\t\t<div class=\"elementor-column-wrap elementor-element-populated\">\n\t\t\t\t\t\t\t<div class=\"elementor-widget-wrap\">\n\t\t\t\t\t\t<div class=\"elementor-element elementor-element-e4a9dcc elementor-widget elementor-widget-text-editor\" data-id=\"e4a9dcc\" data-element_type=\"widget\" data-widget_type=\"text-editor.default\">\n\t\t\t\t<div class=\"elementor-widget-container\">\n\t\t\t\t\t\t\t\t<div class=\"elementor-text-editor elementor-clearfix\">\n\t\t\t\t<p>PC-SPEC use Hikvision genuine hardware.<\/p>\t\t\t\t\t<\/div>\n\t\t\t\t\t\t<\/div>\n\t\t\t\t<\/div>\n\t\t\t\t<div class=\"elementor-element elementor-element-55dd9d8 elementor-widget elementor-widget-heading\" data-id=\"55dd9d8\" data-element_type=\"widget\" data-widget_type=\"heading.default\">\n\t\t\t\t<div class=\"elementor-widget-container\">\n\t\t\t<h2 class=\"elementor-heading-title elementor-size-default\">CCTV<\/h2>\t\t<\/div>\n\t\t\t\t<\/div>\n\t\t\t\t<div class=\"elementor-element elementor-element-f7afa53 elementor-widget elementor-widget-text-editor\" data-id=\"f7afa53\" data-element_type=\"widget\" data-widget_type=\"text-editor.default\">\n\t\t\t\t<div class=\"elementor-widget-container\">\n\t\t\t\t\t\t\t\t<div class=\"elementor-text-editor elementor-clearfix\">\n\t\t\t\t<p>CCTV jest istotnym czynnikiem odstraszaj\u0105cym w walce z przest\u0119pczo\u015bci\u0105. PC-SPEC wsp\u00f3\u0142pracuje z w\u0142a\u015bcicielami dom\u00f3w i firm w regionie Leeds i poza nim. CCTV mo\u017ce chroni\u0107 Tw\u00f3j dom, nieruchomo\u015bci, biznes, pojazdy i personel. U\u017cyj telewizji przemys\u0142owej, aby zbada\u0107 obszar, odstrasza\u0107 przest\u0119pc\u00f3w i dostarczy\u0107 cennych dowod\u00f3w na \u015bciganie przest\u0119pc\u00f3w, je\u015bli dojdzie do incydentu.<\/p><p>We can design and install CCTV to homes and businesses, maintain and support your CCTV networks. Whether you need a single CCTV camera or a multi-camera CCTV network, PC-SPEC is here to help. There are many options to choose from. We can tailor a solution to fit your needs and budget.<\/p><p>We work with analogue DVR and digital NVR systems that can be accessed from anywhere, using a mobile devices. CCTV offers peace of mind. Watch your home or business at all hours of the day or night.<\/p>\t\t\t\t\t<\/div>\n\t\t\t\t\t\t<\/div>\n\t\t\t\t<\/div>\n\t\t\t\t\t\t<\/div>\n\t\t\t\t\t<\/div>\n\t\t<\/div>\n\t\t\t\t\t\t\t\t<\/div>\n\t\t\t\t\t<\/div>\n\t\t<\/section>\n\t\t\t\t<section class=\"elementor-section elementor-top-section elementor-element elementor-element-107417d elementor-section-boxed elementor-section-height-default elementor-section-height-default\" data-id=\"107417d\" data-element_type=\"section\">\n\t\t\t\t\t\t<div class=\"elementor-container elementor-column-gap-default\">\n\t\t\t\t\t\t\t<div class=\"elementor-row\">\n\t\t\t\t\t<div class=\"elementor-column elementor-col-100 elementor-top-column elementor-element elementor-element-f30a1f2\" data-id=\"f30a1f2\" data-element_type=\"column\">\n\t\t\t<div class=\"elementor-column-wrap elementor-element-populated\">\n\t\t\t\t\t\t\t<div class=\"elementor-widget-wrap\">\n\t\t\t\t\t\t<section class=\"elementor-section elementor-inner-section elementor-element elementor-element-b677329 elementor-section-boxed elementor-section-height-default elementor-section-height-default\" data-id=\"b677329\" data-element_type=\"section\">\n\t\t\t\t\t\t<div class=\"elementor-container elementor-column-gap-default\">\n\t\t\t\t\t\t\t<div class=\"elementor-row\">\n\t\t\t\t\t<div class=\"elementor-column elementor-col-50 elementor-inner-column elementor-element elementor-element-a8581e6\" data-id=\"a8581e6\" data-element_type=\"column\">\n\t\t\t<div class=\"elementor-column-wrap elementor-element-populated\">\n\t\t\t\t\t\t\t<div class=\"elementor-widget-wrap\">\n\t\t\t\t\t\t<div class=\"elementor-element elementor-element-9eb551c elementor-widget elementor-widget-text-editor\" data-id=\"9eb551c\" data-element_type=\"widget\" data-widget_type=\"text-editor.default\">\n\t\t\t\t<div class=\"elementor-widget-container\">\n\t\t\t\t\t\t\t\t<div class=\"elementor-text-editor elementor-clearfix\">\n\t\t\t\t<p>Click edit button to change this text.<\/p>\t\t\t\t\t<\/div>\n\t\t\t\t\t\t<\/div>\n\t\t\t\t<\/div>\n\t\t\t\t<div class=\"elementor-element elementor-element-44568d5 elementor-widget elementor-widget-heading\" data-id=\"44568d5\" data-element_type=\"widget\" data-widget_type=\"heading.default\">\n\t\t\t\t<div class=\"elementor-widget-container\">\n\t\t\t<h2 class=\"elementor-heading-title elementor-size-default\">CCTV for Business\n<\/h2>\t\t<\/div>\n\t\t\t\t<\/div>\n\t\t\t\t<div class=\"elementor-element elementor-element-4a42a04 elementor-widget elementor-widget-text-editor\" data-id=\"4a42a04\" data-element_type=\"widget\" data-widget_type=\"text-editor.default\">\n\t\t\t\t<div class=\"elementor-widget-container\">\n\t\t\t\t\t\t\t\t<div class=\"elementor-text-editor elementor-clearfix\">\n\t\t\t\t<p>A commercial CCTV network can protect your Leeds business against criminal damage and theft. PC-SPEC can offer a bespoke CCTV solution to fit your budget. We can supply and fit CCTV cameras around your premises, so you can view your business via any internet-enabled device 24\/7. If you see anything suspicious, zoom in or take a screenshot. We can also supply and fit speakers, so you can speak to an intruder and warn them the police are on their way.<\/p><p>HD infra-red CCTV cameras operate efficiently at night, providing essential video footage of criminal activity and intruders. CCTV footage drastically increases the chance of a conviction if a crime takes place, so if you live or run a business in a high crime area of Leeds, Dewsbury, Wakefield, Bradford or Huddersfield, you can\u2019t afford to be without an effective CCTV system.<\/p>\t\t\t\t\t<\/div>\n\t\t\t\t\t\t<\/div>\n\t\t\t\t<\/div>\n\t\t\t\t\t\t<\/div>\n\t\t\t\t\t<\/div>\n\t\t<\/div>\n\t\t\t\t<div class=\"elementor-column elementor-col-50 elementor-inner-column elementor-element elementor-element-7d4e903\" data-id=\"7d4e903\" data-element_type=\"column\">\n\t\t\t<div class=\"elementor-column-wrap\">\n\t\t\t\t\t\t\t<div class=\"elementor-widget-wrap\">\n\t\t\t\t\t\t\t\t<\/div>\n\t\t\t\t\t<\/div>\n\t\t<\/div>\n\t\t\t\t\t\t\t\t<\/div>\n\t\t\t\t\t<\/div>\n\t\t<\/section>\n\t\t\t\t\t\t<\/div>\n\t\t\t\t\t<\/div>\n\t\t<\/div>\n\t\t\t\t\t\t\t\t<\/div>\n\t\t\t\t\t<\/div>\n\t\t<\/section>\n\t\t\t\t<section class=\"elementor-section elementor-top-section elementor-element elementor-element-e96ba63 elementor-section-boxed elementor-section-height-default elementor-section-height-default\" data-id=\"e96ba63\" data-element_type=\"section\">\n\t\t\t\t\t\t<div class=\"elementor-container elementor-column-gap-default\">\n\t\t\t\t\t\t\t<div class=\"elementor-row\">\n\t\t\t\t\t<div class=\"elementor-column elementor-col-100 elementor-top-column elementor-element elementor-element-2a61c40\" data-id=\"2a61c40\" data-element_type=\"column\">\n\t\t\t<div class=\"elementor-column-wrap elementor-element-populated\">\n\t\t\t\t\t\t\t<div class=\"elementor-widget-wrap\">\n\t\t\t\t\t\t<section class=\"elementor-section elementor-inner-section elementor-element elementor-element-8fb2152 elementor-section-boxed elementor-section-height-default elementor-section-height-default\" data-id=\"8fb2152\" data-element_type=\"section\">\n\t\t\t\t\t\t<div class=\"elementor-container elementor-column-gap-default\">\n\t\t\t\t\t\t\t<div class=\"elementor-row\">\n\t\t\t\t\t<div class=\"elementor-column elementor-col-50 elementor-inner-column elementor-element elementor-element-7e75c48\" data-id=\"7e75c48\" data-element_type=\"column\">\n\t\t\t<div class=\"elementor-column-wrap elementor-element-populated\">\n\t\t\t\t\t\t\t<div class=\"elementor-widget-wrap\">\n\t\t\t\t\t\t<div class=\"elementor-element elementor-element-119911e elementor-widget elementor-widget-image\" data-id=\"119911e\" data-element_type=\"widget\" data-widget_type=\"image.default\">\n\t\t\t\t<div class=\"elementor-widget-container\">\n\t\t\t\t\t\t\t\t<div class=\"elementor-image\">\n\t\t\t\t\t\t\t\t\t\t\t\t<img decoding=\"async\" width=\"1024\" height=\"768\" src=\"https:\/\/pc-spec.co.uk\/wp-content\/uploads\/2018\/11\/CCTV-PC-Spec-Hikvision-H-1-1024x768.jpg\" class=\"attachment-large size-large wp-image-376\" alt=\"\" loading=\"lazy\" srcset=\"https:\/\/pc-spec.co.uk\/wp-content\/uploads\/2018\/11\/CCTV-PC-Spec-Hikvision-H-1-1024x768.jpg 1024w, https:\/\/pc-spec.co.uk\/wp-content\/uploads\/2018\/11\/CCTV-PC-Spec-Hikvision-H-1-300x225.jpg 300w, https:\/\/pc-spec.co.uk\/wp-content\/uploads\/2018\/11\/CCTV-PC-Spec-Hikvision-H-1-768x576.jpg 768w\" sizes=\"(max-width: 1024px) 100vw, 1024px\" \/>\t\t\t\t\t\t\t\t\t\t\t\t\t\t<\/div>\n\t\t\t\t\t\t<\/div>\n\t\t\t\t<\/div>\n\t\t\t\t\t\t<\/div>\n\t\t\t\t\t<\/div>\n\t\t<\/div>\n\t\t\t\t<div class=\"elementor-column elementor-col-50 elementor-inner-column elementor-element elementor-element-74bf2a3\" data-id=\"74bf2a3\" data-element_type=\"column\">\n\t\t\t<div class=\"elementor-column-wrap elementor-element-populated\">\n\t\t\t\t\t\t\t<div class=\"elementor-widget-wrap\">\n\t\t\t\t\t\t<div class=\"elementor-element elementor-element-bc835f2 elementor-widget elementor-widget-text-editor\" data-id=\"bc835f2\" data-element_type=\"widget\" data-widget_type=\"text-editor.default\">\n\t\t\t\t<div class=\"elementor-widget-container\">\n\t\t\t\t\t\t\t\t<div class=\"elementor-text-editor elementor-clearfix\">\n\t\t\t\t<p>Click edit button to change this text.<\/p>\t\t\t\t\t<\/div>\n\t\t\t\t\t\t<\/div>\n\t\t\t\t<\/div>\n\t\t\t\t<div class=\"elementor-element elementor-element-b0aeddc elementor-widget elementor-widget-heading\" data-id=\"b0aeddc\" data-element_type=\"widget\" data-widget_type=\"heading.default\">\n\t\t\t\t<div class=\"elementor-widget-container\">\n\t\t\t<h2 class=\"elementor-heading-title elementor-size-default\">CCTV for Home<\/h2>\t\t<\/div>\n\t\t\t\t<\/div>\n\t\t\t\t<div class=\"elementor-element elementor-element-1e4362a elementor-widget elementor-widget-text-editor\" data-id=\"1e4362a\" data-element_type=\"widget\" data-widget_type=\"text-editor.default\">\n\t\t\t\t<div class=\"elementor-widget-container\">\n\t\t\t\t\t\t\t\t<div class=\"elementor-text-editor elementor-clearfix\">\n\t\t\t\t<p>A commercial CCTV network can protect your Leeds business against criminal damage and theft. PC-SPEC can offer a bespoke CCTV solution to fit your budget. We can supply and fit CCTV cameras around your premises, so you can view your business via any internet-enabled device 24\/7. If you see anything suspicious, zoom in or take a screenshot. We can also supply and fit speakers, so you can speak to an intruder and warn them the police are on their way.<\/p><p>HD infra-red CCTV cameras operate efficiently at night, providing essential video footage of criminal activity and intruders. CCTV footage drastically increases the chance of a conviction if a crime takes place, so if you live or run a business in a high crime area of Leeds, Dewsbury, Wakefield, Bradford or Huddersfield, you can\u2019t afford to be without an effective CCTV system.<\/p>\t\t\t\t\t<\/div>\n\t\t\t\t\t\t<\/div>\n\t\t\t\t<\/div>\n\t\t\t\t\t\t<\/div>\n\t\t\t\t\t<\/div>\n\t\t<\/div>\n\t\t\t\t\t\t\t\t<\/div>\n\t\t\t\t\t<\/div>\n\t\t<\/section>\n\t\t\t\t\t\t<\/div>\n\t\t\t\t\t<\/div>\n\t\t<\/div>\n\t\t\t\t\t\t\t\t<\/div>\n\t\t\t\t\t<\/div>\n\t\t<\/section>\n\t\t\t\t<section class=\"elementor-section elementor-top-section elementor-element elementor-element-e5967c3 elementor-section-boxed elementor-section-height-default elementor-section-height-default\" data-id=\"e5967c3\" data-element_type=\"section\">\n\t\t\t\t\t\t<div class=\"elementor-container elementor-column-gap-default\">\n\t\t\t\t\t\t\t<div class=\"elementor-row\">\n\t\t\t\t\t<div class=\"elementor-column elementor-col-100 elementor-top-column elementor-element elementor-element-65657f1\" data-id=\"65657f1\" data-element_type=\"column\">\n\t\t\t<div class=\"elementor-column-wrap elementor-element-populated\">\n\t\t\t\t\t\t\t<div class=\"elementor-widget-wrap\">\n\t\t\t\t\t\t<div class=\"elementor-element elementor-element-6e03e22 elementor-widget elementor-widget-video\" data-id=\"6e03e22\" data-element_type=\"widget\" data-settings=\"{&quot;youtube_url&quot;:&quot;https:\\\/\\\/youtu.be\\\/HlE-9exWxhM&quot;,&quot;video_type&quot;:&quot;youtube&quot;,&quot;controls&quot;:&quot;yes&quot;}\" data-widget_type=\"video.default\">\n\t\t\t\t<div class=\"elementor-widget-container\">\n\t\t\t\t\t<div class=\"elementor-wrapper elementor-open-inline\">\n\t\t\t<div class=\"elementor-video\"><\/div>\t\t<\/div>\n\t\t\t\t<\/div>\n\t\t\t\t<\/div>\n\t\t\t\t\t\t<\/div>\n\t\t\t\t\t<\/div>\n\t\t<\/div>\n\t\t\t\t\t\t\t\t<\/div>\n\t\t\t\t\t<\/div>\n\t\t<\/section>\n\t\t\t\t\t\t\t\t\t<\/div>\n\t\t\t<\/div>\n\t\t\t\t\t<\/div>","protected":false},"excerpt":{"rendered":"<p>PC-SPEC use Hikvision genuine hardware. CCTV CCTV is a vital deterrent in the fight against crime. PC-SPEC works with homeowners and businesses in the Leeds area and beyond. CCTV can protect your Leeds home, property, business, vehicles, and personnel. Use CCTV to survey the area, deter criminals, and provide valuable evidence for the prosecution of [&hellip;]<\/p>","protected":false},"author":1,"featured_media":0,"parent":0,"menu_order":0,"comment_status":"closed","ping_status":"closed","template":"","meta":[],"aioseo_notices":[],"_links":{"self":[{"href":"https:\/\/pc-spec.co.uk\/pl\/wp-json\/wp\/v2\/pages\/58"}],"collection":[{"href":"https:\/\/pc-spec.co.uk\/pl\/wp-json\/wp\/v2\/pages"}],"about":[{"href":"https:\/\/pc-spec.co.uk\/pl\/wp-json\/wp\/v2\/types\/page"}],"author":[{"embeddable":true,"href":"https:\/\/pc-spec.co.uk\/pl\/wp-json\/wp\/v2\/users\/1"}],"replies":[{"embeddable":true,"href":"https:\/\/pc-spec.co.uk\/pl\/wp-json\/wp\/v2\/comments?post=58"}],"version-history":[{"count":18,"href":"https:\/\/pc-spec.co.uk\/pl\/wp-json\/wp\/v2\/pages\/58\/revisions"}],"predecessor-version":[{"id":389,"href":"https:\/\/pc-spec.co.uk\/pl\/wp-json\/wp\/v2\/pages\/58\/revisions\/389"}],"wp:attachment":[{"href":"https:\/\/pc-spec.co.uk\/pl\/wp-json\/wp\/v2\/media?parent=58"}],"curies":[{"name":"wp","href":"https:\/\/api.w.org\/{rel}","templated":true}]}}